{"id":1722,"date":"2023-06-20T22:47:45","date_gmt":"2023-06-21T01:47:45","guid":{"rendered":"https:\/\/www.germano.cl\/?page_id=1722"},"modified":"2023-06-22T02:01:24","modified_gmt":"2023-06-22T05:01:24","slug":"indexleo","status":"publish","type":"page","link":"https:\/\/www.germano.cl\/","title":{"rendered":"indexleo"},"content":{"rendered":"\n<div class=\"wp-block-cover alignfull\"><span aria-hidden=\"true\" class=\"wp-block-cover__background has-background-dim\"><\/span><img loading=\"lazy\" decoding=\"async\" width=\"2400\" height=\"1600\" class=\"wp-block-cover__image-background wp-image-1768\" alt=\"\" src=\"https:\/\/www.germano.cl\/wp-content\/uploads\/2023\/06\/appointment-bg.jpg\" style=\"object-position:51% 71%\" data-object-fit=\"cover\" data-object-position=\"51% 71%\" srcset=\"https:\/\/www.germano.cl\/wp-content\/uploads\/2023\/06\/appointment-bg.jpg 2400w, https:\/\/www.germano.cl\/wp-content\/uploads\/2023\/06\/appointment-bg-300x200.jpg 300w, https:\/\/www.germano.cl\/wp-content\/uploads\/2023\/06\/appointment-bg-1024x683.jpg 1024w, https:\/\/www.germano.cl\/wp-content\/uploads\/2023\/06\/appointment-bg-768x512.jpg 768w, https:\/\/www.germano.cl\/wp-content\/uploads\/2023\/06\/appointment-bg-1536x1024.jpg 1536w, https:\/\/www.germano.cl\/wp-content\/uploads\/2023\/06\/appointment-bg-2048x1365.jpg 2048w\" sizes=\"auto, (max-width: 2400px) 100vw, 2400px\" \/><div class=\"wp-block-cover__inner-container is-layout-flow wp-block-cover-is-layout-flow\">\n<p class=\"has-text-align-center has-large-font-size\" style=\"font-style:normal;font-weight:500;line-height:1.5\">GERMANO &amp; ASOCIADOS ABOGADOS<\/p>\n\n\n\n<p class=\"has-text-align-center\">Somos un equipo de especialistas con una larga trayectoria profesional<\/p>\n<\/div><\/div>\n\n\n\n<div style=\"height:100px\" aria-hidden=\"true\" class=\"wp-block-spacer\"><\/div>\n\n\n\n<div class=\"wp-block-uagb-container uagb-block-54d1cdad alignfull uagb-is-root-container\"><div class=\"uagb-container-inner-blocks-wrap\">\n<div class=\"wp-block-group is-nowrap is-layout-flex wp-container-core-group-is-layout-6c531013 wp-block-group-is-layout-flex\">\n<div class=\"wp-block-uagb-container uagb-block-fde4a2c0\">\n<div class=\"wp-block-uagb-info-box uagb-block-c953f1cb uagb-infobox__content-wrap  uagb-infobox-icon-above-title uagb-infobox-image-valign-top\"><div class=\"uagb-ifb-content\"><div class=\"uagb-ifb-icon-wrap\"><svg xmlns=\"https:\/\/www.w3.org\/2000\/svg\" viewBox=\"0 0 640 512\"><path d=\"M85 250.5c-87 174.2-84.1 165.9-84.1 181.5C.0035 476.1 57.25 512 128 512s128-35.88 128-79.1c0-16.12 1.375-8.752-85.12-181.5C153.3 215.3 102.8 215.1 85 250.5zM55.96 416l71.98-143.1l72.15 143.1H55.96zM554.9 122.5c-17.62-35.25-68.08-35.37-85.83 0c-87 174.2-85.04 165.9-85.04 181.5c0 44.12 57.25 79.1 128 79.1s127.1-35.87 127.1-79.1C639.1 287.9 641.4 295.3 554.9 122.5zM439.1 288l72.04-143.1l72.08 143.1H439.1zM495.1 448h-143.1V153.3c20.83-9.117 36.72-26.93 43.78-48.77l126.3-42.11c16.77-5.594 25.83-23.72 20.23-40.48c-5.578-16.73-23.62-25.86-40.48-20.23l-113.3 37.76c-13.94-23.49-39.29-39.41-68.58-39.41c-44.18 0-79.1 35.82-79.1 80c0 2.961 .5587 5.771 .8712 8.648L117.9 129.7C101.1 135.3 92.05 153.4 97.64 170.1c4.469 13.41 16.95 21.88 30.36 21.88c3.344 0 6.768-.5186 10.13-1.644L273.8 145.1C278.2 148.3 282.1 151.1 288 153.3V496C288 504.8 295.2 512 304 512h223.1c8.838 0 16-7.164 16-15.1C543.1 469.5 522.5 448 495.1 448z\"><\/path><\/svg><\/div><div class=\"uagb-ifb-title-wrap\"><h3 class=\"uagb-ifb-title\">120+<\/h3><\/div><p class=\"uagb-ifb-desc\">Casos Resueltos<\/p><\/div><\/div>\n<\/div>\n\n\n\n<div class=\"wp-block-uagb-container uagb-block-c6d0ceb2\">\n<div class=\"wp-block-uagb-info-box uagb-block-6456b5e3 uagb-infobox__content-wrap  uagb-infobox-icon-above-title uagb-infobox-image-valign-top\"><div class=\"uagb-ifb-content\"><div class=\"uagb-ifb-icon-wrap\"><svg xmlns=\"https:\/\/www.w3.org\/2000\/svg\" viewBox=\"0 0 576 512\"><path d=\"M568.1 196.3l-22.62-22.62c-4.533-4.533-10.56-7.029-16.97-7.029s-12.44 2.496-16.97 7.029l-5.654 5.656l-20.12-20.12c4.596-23.46-2.652-47.9-19.47-64.73l-45.25-45.25C390.2 17.47 347.1 0 303.1 0C258.2 0 216 17.47 184.3 49.21L176.5 57.05L272.5 105.1v13.81c0 18.95 7.688 37.5 21.09 50.91l49.16 49.14c13.44 13.45 31.39 20.86 50.54 20.86c4.758 0 9.512-.4648 14.18-1.387l20.12 20.12l-5.654 5.654c-9.357 9.357-9.357 24.58-.002 33.94l22.62 22.62c4.535 4.533 10.56 7.031 16.97 7.031s12.44-2.498 16.97-7.031l90.53-90.5C578.3 220.8 578.3 205.6 568.1 196.3zM270.9 192.4c-3.846-3.846-7.197-8.113-10.37-12.49l-239.5 209.2c-28.12 28.12-28.16 73.72-.0371 101.8C35.12 505 53.56 512 71.1 512s36.84-7.031 50.91-21.09l209.1-239.4c-4.141-3.061-8.184-6.289-11.89-9.996L270.9 192.4z\"><\/path><\/svg><\/div><div class=\"uagb-ifb-title-wrap\"><h3 class=\"uagb-ifb-title\">130+<\/h3><\/div><p class=\"uagb-ifb-desc\">Clientes Satisfechos<\/p><\/div><\/div>\n<\/div>\n\n\n\n<div class=\"wp-block-uagb-container uagb-block-8c237a45\">\n<div class=\"wp-block-uagb-info-box uagb-block-d6ebe1b5 uagb-infobox__content-wrap  uagb-infobox-icon-above-title uagb-infobox-image-valign-top\"><div class=\"uagb-ifb-content\"><div class=\"uagb-ifb-icon-wrap\"><svg xmlns=\"https:\/\/www.w3.org\/2000\/svg\" viewBox=\"0 0 384 512\"><path d=\"M336 0C362.5 0 384 21.49 384 48V464C384 490.5 362.5 512 336 512H240V432C240 405.5 218.5 384 192 384C165.5 384 144 405.5 144 432V512H48C21.49 512 0 490.5 0 464V48C0 21.49 21.49 0 48 0H336zM64 272C64 280.8 71.16 288 80 288H112C120.8 288 128 280.8 128 272V240C128 231.2 120.8 224 112 224H80C71.16 224 64 231.2 64 240V272zM176 224C167.2 224 160 231.2 160 240V272C160 280.8 167.2 288 176 288H208C216.8 288 224 280.8 224 272V240C224 231.2 216.8 224 208 224H176zM256 272C256 280.8 263.2 288 272 288H304C312.8 288 320 280.8 320 272V240C320 231.2 312.8 224 304 224H272C263.2 224 256 231.2 256 240V272zM80 96C71.16 96 64 103.2 64 112V144C64 152.8 71.16 160 80 160H112C120.8 160 128 152.8 128 144V112C128 103.2 120.8 96 112 96H80zM160 144C160 152.8 167.2 160 176 160H208C216.8 160 224 152.8 224 144V112C224 103.2 216.8 96 208 96H176C167.2 96 160 103.2 160 112V144zM272 96C263.2 96 256 103.2 256 112V144C256 152.8 263.2 160 272 160H304C312.8 160 320 152.8 320 144V112C320 103.2 312.8 96 304 96H272z\"><\/path><\/svg><\/div><div class=\"uagb-ifb-title-wrap\"><h3 class=\"uagb-ifb-title\">3<\/h3><\/div><p class=\"uagb-ifb-desc\">Regiones<\/p><\/div><\/div>\n<\/div>\n\n\n\n<div class=\"wp-block-uagb-container uagb-block-a1946de0\">\n<div class=\"wp-block-uagb-info-box uagb-block-b5b75368 uagb-infobox__content-wrap  uagb-infobox-icon-above-title uagb-infobox-image-valign-top\"><div class=\"uagb-ifb-content\"><div class=\"uagb-ifb-icon-wrap\"><svg xmlns=\"https:\/\/www.w3.org\/2000\/svg\" viewBox=\"0 0 512 512\"><path d=\"M0 144v288C0 457.6 22.41 480 48 480H96V96H48C22.41 96 0 118.4 0 144zM336 0h-160C150.4 0 128 22.41 128 48V480h256V48C384 22.41 361.6 0 336 0zM336 96h-160V48h160V96zM464 96H416v384h48c25.59 0 48-22.41 48-48v-288C512 118.4 489.6 96 464 96z\"><\/path><\/svg><\/div><div class=\"uagb-ifb-title-wrap\"><h3 class=\"uagb-ifb-title\">5<\/h3><\/div><p class=\"uagb-ifb-desc\">Asociados<\/p><\/div><\/div>\n<\/div>\n<\/div>\n<\/div><\/div>\n\n\n\n<div class=\"wp-block-uagb-container uagb-block-1575d178 alignfull uagb-is-root-container\"><div class=\"uagb-container-inner-blocks-wrap\">\n<div class=\"wp-block-uagb-container uagb-block-2f7eab6f\">\n<div class=\"wp-block-uagb-container uagb-block-a5a3a04a\">\n<div class=\"wp-block-uagb-info-box uagb-block-0d064053 uagb-infobox__content-wrap  uagb-infobox-icon-above-title uagb-infobox-image-valign-top\"><div class=\"uagb-ifb-content\"><div class=\"uagb-ifb-title-wrap\"><div class=\"uagb-ifb-separator\"><\/div><h2 class=\"uagb-ifb-title\">Nuestras \u00c1reas<\/h2><\/div><p class=\"uagb-ifb-desc\">Somos especialistas en distintas \u00e1reas del derecho, entre las que destacan:<\/p><\/div><\/div>\n\n\n\n<figure class=\"wp-block-image size-large alignleft\"><img loading=\"lazy\" decoding=\"async\" width=\"1024\" height=\"683\" src=\"https:\/\/www.germano.cl\/wp-content\/uploads\/2023\/06\/AAAAA-1024x683.jpg\" alt=\"\" class=\"wp-image-1813\" srcset=\"https:\/\/www.germano.cl\/wp-content\/uploads\/2023\/06\/AAAAA-1024x683.jpg 1024w, https:\/\/www.germano.cl\/wp-content\/uploads\/2023\/06\/AAAAA-300x200.jpg 300w, https:\/\/www.germano.cl\/wp-content\/uploads\/2023\/06\/AAAAA-768x512.jpg 768w, https:\/\/www.germano.cl\/wp-content\/uploads\/2023\/06\/AAAAA-1536x1024.jpg 1536w, https:\/\/www.germano.cl\/wp-content\/uploads\/2023\/06\/AAAAA-2048x1366.jpg 2048w\" sizes=\"auto, (max-width: 1024px) 100vw, 1024px\" \/><\/figure>\n<\/div>\n\n\n\n<div class=\"wp-block-uagb-container uagb-block-cc3b6336\">\n<div class=\"wp-block-uagb-container uagb-block-d1bf3b25\">\n<div class=\"wp-block-uagb-advanced-heading uagb-block-d284d742\"><h4 class=\"uagb-heading-text\"><strong>CIVIL<\/strong><\/h4><div class=\"uagb-separator\"><\/div><p class=\"uagb-desc-text\">&#8211; Procedimiento ordinario<br>&#8211;  Juicio de arriendo<br>&#8211; Procedimiento sumario<br>&#8211; Posesi\u00f3n efectiva <br>&#8211; Testamentos<br>&#8211; Juicio ejecutivo <br>&#8211; T\u00edtulo ejecutivo: Pagar\u00e9<br>&#8211; Tercer\u00edas<br>&#8211; Cambio de nombre<br>&#8211; Interdicci\u00f3n<br>&#8211; Embargos<br>&#8211; Prescripci\u00f3n extintiva<br>&#8211; Procedimientos especiales<br>&#8211; Indemnizaci\u00f3n de perjuicios<br>&#8211; Incumplimientos contractuales<br><br><\/p><\/div>\n\n\n\n<div class=\"wp-block-uagb-advanced-heading uagb-block-4a52fbea\"><h4 class=\"uagb-heading-text\">  <br><strong>FAMILIA<\/strong><\/h4><div class=\"uagb-separator\"><\/div><p class=\"uagb-desc-text\">&#8211; Relaci\u00f3n directa y regular<br>&#8211; Cuidado personal<br>&#8211; Derecho de alimentos<br>&#8211; Divorcio <br>&#8211; Constituci\u00f3n de bien familiar<br>&#8211; Adopci\u00f3n<br><br><strong>Juzgado P.L<\/strong><br><br><br><br><br><br><br><br><br><br><\/p><\/div>\n<\/div>\n\n\n\n<div class=\"wp-block-uagb-container uagb-block-323988a5\">\n<div class=\"wp-block-uagb-advanced-heading uagb-block-87d433b6\"><h4 class=\"uagb-heading-text\">  <strong>INMOBILIARIO<\/strong><\/h4><div class=\"uagb-separator\"><\/div><p class=\"uagb-desc-text\">&#8211; Estudio de t\u00edtulos<br>&#8211; Confecci\u00f3n y revisi\u00f3n de contratos<br>&#8211; Compraventa de inmuebles<br>&#8211; Promesas de compraventa<br>&#8211; Negociaciones<br>&#8211; Liquidaci\u00f3n de comunidades<br>&#8211; Gesti\u00f3n inmobiliaria<br>&#8211; Administraci\u00f3n de propiedades<\/p><\/div>\n\n\n\n<div class=\"wp-block-uagb-advanced-heading uagb-block-ac4719e4\"><h4 class=\"uagb-heading-text\">     <strong> Juzgado P.L<\/strong><\/h4><div class=\"uagb-separator\"><\/div><p class=\"uagb-desc-text\">&#8211; Es<br>&#8211; Confecci\u00f3n y revisi\u00f3n de contratos<br>&#8211; Compraventa de inmuebles<br>&#8211; Promesas de compraventa<br>&#8211; Negociaciones<br>&#8211; Liquidaciones de comunidades<br>&#8211; Gesti\u00f3n inmobiliaria<br>&#8211; Administraci\u00f3n de propiedades<\/p><\/div>\n<\/div>\n\n\n\n<div class=\"wp-block-uagb-container uagb-block-cb03055d\">\n<div class=\"wp-block-uagb-advanced-heading uagb-block-b073f727\"><h4 class=\"uagb-heading-text\">Child Support<\/h4><p class=\"uagb-desc-text\">Lorem ipsum dolor sit amet, consectetur adipiscing elit. Ut elit tellus, luctus nec ullamcorper mattis.<\/p><\/div>\n\n\n\n<div class=\"wp-block-uagb-advanced-heading uagb-block-e6fc48aa\"><h4 class=\"uagb-heading-text\">Wealth Protection<\/h4><p class=\"uagb-desc-text\">Lorem ipsum dolor sit amet, consectetur adipiscing elit. Ut elit tellus, luctus nec ullamcorper mattis.<\/p><\/div>\n<\/div>\n\n\n\n<div class=\"wp-block-uagb-container uagb-block-8d46e0ce\">\n<div class=\"wp-block-uagb-advanced-heading uagb-block-8fe9fd01\"><h4 class=\"uagb-heading-text\">Spousal Support<\/h4><p class=\"uagb-desc-text\">Lorem ipsum dolor sit amet, consectetur adipiscing elit. Ut elit tellus, luctus nec ullamcorper mattis.<\/p><\/div>\n\n\n\n<div class=\"wp-block-uagb-advanced-heading uagb-block-bd59ec75\"><h4 class=\"uagb-heading-text\">High Net-worth Services<\/h4><p class=\"uagb-desc-text\">Lorem ipsum dolor sit amet, consectetur adipiscing elit. Ut elit tellus, luctus nec ullamcorper mattis.<\/p><\/div>\n<\/div>\n<\/div>\n<\/div>\n<\/div><\/div>\n","protected":false},"excerpt":{"rendered":"<p>CIVIL &#8211; Procedimiento ordinario&#8211; Juicio de arriendo&#8211; Procedimiento sumario&#8211; Posesi\u00f3n efectiva &#8211; Testamentos&#8211; Juicio ejecutivo &#8211; T\u00edtulo ejecutivo: Pagar\u00e9&#8211; Tercer\u00edas&#8211; Cambio de nombre&#8211; Interdicci\u00f3n&#8211; Embargos&#8211; Prescripci\u00f3n extintiva&#8211; Procedimientos especiales&#8211; Indemnizaci\u00f3n de perjuicios&#8211; Incumplimientos contractuales FAMILIA &#8211; Relaci\u00f3n directa y regular&#8211; Cuidado personal&#8211; Derecho de alimentos&#8211; Divorcio &#8211; Constituci\u00f3n de bien familiar&#8211; Adopci\u00f3n Juzgado P.L INMOBILIARIO &hellip;<\/p>\n<p class=\"read-more\"> <a class=\"\" href=\"https:\/\/www.germano.cl\/\"> <span class=\"screen-reader-text\">indexleo<\/span> Read More &raquo;<\/a><\/p>\n","protected":false},"author":1,"featured_media":0,"parent":0,"menu_order":0,"comment_status":"closed","ping_status":"closed","template":"","meta":{"_uag_custom_page_level_css":"","site-sidebar-layout":"default","site-content-layout":"default","ast-global-header-display":"","ast-banner-title-visibility":"","ast-main-header-display":"","ast-hfb-above-header-display":"","ast-hfb-below-header-display":"","ast-hfb-mobile-header-display":"","site-post-title":"disabled","ast-breadcrumbs-content":"","ast-featured-img":"","footer-sml-layout":"","theme-transparent-header-meta":"","adv-header-id-meta":"","stick-header-meta":"","header-above-stick-meta":"","header-main-stick-meta":"","header-below-stick-meta":"","footnotes":""},"class_list":["post-1722","page","type-page","status-publish","hentry"],"uagb_featured_image_src":{"full":false,"thumbnail":false,"medium":false,"medium_large":false,"large":false,"1536x1536":false,"2048x2048":false},"uagb_author_info":{"display_name":"Fernanda","author_link":"https:\/\/www.germano.cl\/index.php\/author\/fernanda\/"},"uagb_comment_info":0,"uagb_excerpt":"CIVIL &#8211; Procedimiento ordinario&#8211; Juicio de arriendo&#8211; Procedimiento sumario&#8211; Posesi\u00f3n efectiva &#8211; Testamentos&#8211; Juicio ejecutivo &#8211; T\u00edtulo ejecutivo: Pagar\u00e9&#8211; Tercer\u00edas&#8211; Cambio de nombre&#8211; Interdicci\u00f3n&#8211; Embargos&#8211; Prescripci\u00f3n extintiva&#8211; Procedimientos especiales&#8211; Indemnizaci\u00f3n de perjuicios&#8211; Incumplimientos contractuales FAMILIA &#8211; Relaci\u00f3n directa y regular&#8211; Cuidado personal&#8211; Derecho de alimentos&#8211; Divorcio &#8211; Constituci\u00f3n de bien familiar&#8211; Adopci\u00f3n Juzgado P.L INMOBILIARIO&hellip;","_links":{"self":[{"href":"https:\/\/www.germano.cl\/index.php\/wp-json\/wp\/v2\/pages\/1722","targetHints":{"allow":["GET"]}}],"collection":[{"href":"https:\/\/www.germano.cl\/index.php\/wp-json\/wp\/v2\/pages"}],"about":[{"href":"https:\/\/www.germano.cl\/index.php\/wp-json\/wp\/v2\/types\/page"}],"author":[{"embeddable":true,"href":"https:\/\/www.germano.cl\/index.php\/wp-json\/wp\/v2\/users\/1"}],"replies":[{"embeddable":true,"href":"https:\/\/www.germano.cl\/index.php\/wp-json\/wp\/v2\/comments?post=1722"}],"version-history":[{"count":38,"href":"https:\/\/www.germano.cl\/index.php\/wp-json\/wp\/v2\/pages\/1722\/revisions"}],"predecessor-version":[{"id":1870,"href":"https:\/\/www.germano.cl\/index.php\/wp-json\/wp\/v2\/pages\/1722\/revisions\/1870"}],"wp:attachment":[{"href":"https:\/\/www.germano.cl\/index.php\/wp-json\/wp\/v2\/media?parent=1722"}],"curies":[{"name":"wp","href":"https:\/\/api.w.org\/{rel}","templated":true}]}}